{"id":603,"date":"2016-01-22T15:21:47","date_gmt":"2016-01-22T05:21:47","guid":{"rendered":"http:\/\/wellspring.mikado-themes.com\/?page_id=603"},"modified":"2026-03-15T10:00:13","modified_gmt":"2026-03-15T00:00:13","slug":"bai-viet","status":"publish","type":"page","link":"https:\/\/mientinhthucmelbourne.org\/en\/bai-viet\/","title":{"rendered":"Articles"},"content":{"rendered":"<div class=\"vc_row wpb_row vc_row-fluid mkdf-section vc_custom_1454333517380 mkdf-content-aligment-left\" style=\"\"><div class=\"clearfix mkdf-full-section-inner\"><div class=\"wpb_column vc_column_container vc_col-sm-12\"><div class=\"vc_column-inner\"><div class=\"wpb_wrapper\"><div class=\"mkdf-blog-slider-holder\">\n\t\t\t\t\t\t<div class=\"mkdf-blog-slider-item\">\n\t\t\t\t<div class=\"mkdf-bs-item-image-holder\">\n\t\t\t\t\t\t\t\t\t\t\t<div class=\"mkdf-bs-item-image\">\n\t\t\t\t\t\t\t<a href=\"https:\/\/mientinhthucmelbourne.org\/en\/2019\/01\/26\/wilsons-prom-hiking-trip\/\">\n\t\t\t\t\t\t\t\t<img width=\"1600\" height=\"505\" src=\"https:\/\/mientinhthucmelbourne.org\/wp-content\/uploads\/2019\/01\/ViewFromMountainTop.jpg\" class=\"attachment-full size-full wp-post-image\" alt=\"\" decoding=\"async\" loading=\"lazy\" srcset=\"https:\/\/mientinhthucmelbourne.org\/wp-content\/uploads\/2019\/01\/ViewFromMountainTop.jpg 1600w, https:\/\/mientinhthucmelbourne.org\/wp-content\/uploads\/2019\/01\/ViewFromMountainTop-300x95.jpg 300w, https:\/\/mientinhthucmelbourne.org\/wp-content\/uploads\/2019\/01\/ViewFromMountainTop-768x242.jpg 768w, https:\/\/mientinhthucmelbourne.org\/wp-content\/uploads\/2019\/01\/ViewFromMountainTop-1024x323.jpg 1024w\" sizes=\"(max-width: 1600px) 100vw, 1600px\" \/>\t\t\t\t\t\t\t<\/a>\n\t\t\t\t\t\t<\/div>\n\t\t\t\t\t\t\t\t\t\t<div class=\"mkdf-bs-item-content\">\n\t\t\t\t\t\t<div class=\"mkdf-bs-item-date\">\n\t\t\t\t\t\t\t<span>January 26, 2019<\/span>\n\t\t\t\t\t\t<\/div>\n\t\t\t\t\t\t<div class=\"mkdf-bs-item-text\">\n\t\t\t\t\t\t\t<h2 class=\"mkdf-bs-item-title\"><a href=\"https:\/\/mientinhthucmelbourne.org\/en\/2019\/01\/26\/wilsons-prom-hiking-trip\/\">Wilsons Prom Hiking with Mindful Living Land Melbourne (19-20\/01\/2019)<\/a><\/h2>\n\t\t\t\t\t\t\t\t\t\t\t\t\t\t\t<p class=\"mkdf-bs-item-excerpt\">kebo88 | slot online | slot gacor<\/p>\n\t\t\t\t\t\t\t\t\t\t\t\t\t<\/div>\n\t\t\t\t\t\t<div class=\"mkdf-bs-item-bottom-section\">\n\t\t\t\t\t\t\t<div class=\"mkdf-bs-item-author\">\n\t\t\t\t\t\t\t\t<a href=\"https:\/\/mientinhthucmelbourne.org\/en\/author\/mttmeladmin\/\">\n\t\t\t\t\t\t\t\t\t<span class=\"mkdf-post-item-author-avatar-holder\">\n\t\t\t\t\t\t\t\t\t\t<img alt='' src='https:\/\/secure.gravatar.com\/avatar\/4ec350e90b3a9f231e0e36ce4d439df3?s=30&#038;d=mm&#038;r=g' class='avatar avatar-30 photo' height='30' width='30' \/>\t\t\t\t\t\t\t\t\t<\/span>\n\t\t\t\t\t\t\t\t\t<span class=\"mkdf-post-item-author-name\">\n\t\t\t\t\t\t\t\t\t\tMindful Living Land Melbourne\t\t\t\t\t\t\t\t\t<\/span>\n\t\t\t\t\t\t\t\t<\/a>\n\t\t\t\t\t\t\t<\/div>\n\t\t\t\t\t\t\t<div class=\"mkdf-bs-item-categories\">\n\t\t\t\t\t\t\t\t<span aria-hidden=\"true\" class=\"mkdf-icon-font-elegant icon_tags\" ><\/span>\t\t\t\t\t\t\t\t<a href=\"https:\/\/mientinhthucmelbourne.org\/en\/category\/bai-viet-moi\/\" rel=\"category tag\">Latest posts<\/a>, <a href=\"https:\/\/mientinhthucmelbourne.org\/en\/category\/cam-nhan\/\" rel=\"category tag\">Reflection<\/a>\t\t\t\t\t\t\t<\/div>\n\t\t\t\t\t\t<\/div>\n\t\t\t\t\t<\/div>\n\t\t\t\t<\/div>\n\t\t\t<\/div>\n\t\t\t\t\t<div class=\"mkdf-blog-slider-item\">\n\t\t\t\t<div class=\"mkdf-bs-item-image-holder\">\n\t\t\t\t\t\t\t\t\t\t\t<div class=\"mkdf-bs-item-image\">\n\t\t\t\t\t\t\t<a href=\"https:\/\/mientinhthucmelbourne.org\/en\/2018\/09\/01\/thien-hanh-da-ngoai-sunday-12-8\/\">\n\t\t\t\t\t\t\t\t<img width=\"770\" height=\"379\" src=\"https:\/\/mientinhthucmelbourne.org\/wp-content\/uploads\/2018\/07\/Eastern-Sherbrooke-Forest-Walk-visitdandenongranges.jpg\" class=\"attachment-full size-full wp-post-image\" alt=\"\" decoding=\"async\" loading=\"lazy\" srcset=\"https:\/\/mientinhthucmelbourne.org\/wp-content\/uploads\/2018\/07\/Eastern-Sherbrooke-Forest-Walk-visitdandenongranges.jpg 770w, https:\/\/mientinhthucmelbourne.org\/wp-content\/uploads\/2018\/07\/Eastern-Sherbrooke-Forest-Walk-visitdandenongranges-300x148.jpg 300w, https:\/\/mientinhthucmelbourne.org\/wp-content\/uploads\/2018\/07\/Eastern-Sherbrooke-Forest-Walk-visitdandenongranges-768x378.jpg 768w\" sizes=\"(max-width: 770px) 100vw, 770px\" \/>\t\t\t\t\t\t\t<\/a>\n\t\t\t\t\t\t<\/div>\n\t\t\t\t\t\t\t\t\t\t<div class=\"mkdf-bs-item-content\">\n\t\t\t\t\t\t<div class=\"mkdf-bs-item-date\">\n\t\t\t\t\t\t\t<span>September 1, 2018<\/span>\n\t\t\t\t\t\t<\/div>\n\t\t\t\t\t\t<div class=\"mkdf-bs-item-text\">\n\t\t\t\t\t\t\t<h2 class=\"mkdf-bs-item-title\"><a href=\"https:\/\/mientinhthucmelbourne.org\/en\/2018\/09\/01\/thien-hanh-da-ngoai-sunday-12-8\/\">Meditation Family Picnic (Sunday 12\/8\/2018)<\/a><\/h2>\n\t\t\t\t\t\t\t\t\t\t\t\t\t\t\t<p class=\"mkdf-bs-item-excerpt\">&#8220;In every walk with nature, one receives far more than he seeks&#8221; \u2013 John Muir. &#8220;C\u1ea3nh b\u00ecnh t\u00e2m c\u0169ng b\u00ecnh. T\u00e2m y\u00ean c\u1ea3nh c\u0169<\/p>\n\t\t\t\t\t\t\t\t\t\t\t\t\t<\/div>\n\t\t\t\t\t\t<div class=\"mkdf-bs-item-bottom-section\">\n\t\t\t\t\t\t\t<div class=\"mkdf-bs-item-author\">\n\t\t\t\t\t\t\t\t<a href=\"https:\/\/mientinhthucmelbourne.org\/en\/author\/mttmeladmin\/\">\n\t\t\t\t\t\t\t\t\t<span class=\"mkdf-post-item-author-avatar-holder\">\n\t\t\t\t\t\t\t\t\t\t<img alt='' src='https:\/\/secure.gravatar.com\/avatar\/4ec350e90b3a9f231e0e36ce4d439df3?s=30&#038;d=mm&#038;r=g' class='avatar avatar-30 photo' height='30' width='30' \/>\t\t\t\t\t\t\t\t\t<\/span>\n\t\t\t\t\t\t\t\t\t<span class=\"mkdf-post-item-author-name\">\n\t\t\t\t\t\t\t\t\t\tMindful Living Land Melbourne\t\t\t\t\t\t\t\t\t<\/span>\n\t\t\t\t\t\t\t\t<\/a>\n\t\t\t\t\t\t\t<\/div>\n\t\t\t\t\t\t\t<div class=\"mkdf-bs-item-categories\">\n\t\t\t\t\t\t\t\t<span aria-hidden=\"true\" class=\"mkdf-icon-font-elegant icon_tags\" ><\/span>\t\t\t\t\t\t\t\t<a href=\"https:\/\/mientinhthucmelbourne.org\/en\/category\/bai-viet-moi\/\" rel=\"category tag\">Latest posts<\/a>, <a href=\"https:\/\/mientinhthucmelbourne.org\/en\/category\/cam-nhan\/\" rel=\"category tag\">Reflection<\/a>\t\t\t\t\t\t\t<\/div>\n\t\t\t\t\t\t<\/div>\n\t\t\t\t\t<\/div>\n\t\t\t\t<\/div>\n\t\t\t<\/div>\n\t\t\t\t\t<div class=\"mkdf-blog-slider-item\">\n\t\t\t\t<div class=\"mkdf-bs-item-image-holder\">\n\t\t\t\t\t\t\t\t\t\t\t<div class=\"mkdf-bs-item-image\">\n\t\t\t\t\t\t\t<a href=\"https:\/\/mientinhthucmelbourne.org\/en\/2018\/08\/24\/dem-nhac-vu-lan\/\">\n\t\t\t\t\t\t\t\t<img width=\"1125\" height=\"550\" src=\"https:\/\/mientinhthucmelbourne.org\/wp-content\/uploads\/2018\/08\/VuLan2018.jpg\" class=\"attachment-full size-full wp-post-image\" alt=\"\" decoding=\"async\" loading=\"lazy\" srcset=\"https:\/\/mientinhthucmelbourne.org\/wp-content\/uploads\/2018\/08\/VuLan2018.jpg 1125w, https:\/\/mientinhthucmelbourne.org\/wp-content\/uploads\/2018\/08\/VuLan2018-300x147.jpg 300w, https:\/\/mientinhthucmelbourne.org\/wp-content\/uploads\/2018\/08\/VuLan2018-768x375.jpg 768w, https:\/\/mientinhthucmelbourne.org\/wp-content\/uploads\/2018\/08\/VuLan2018-1024x501.jpg 1024w\" sizes=\"(max-width: 1125px) 100vw, 1125px\" \/>\t\t\t\t\t\t\t<\/a>\n\t\t\t\t\t\t<\/div>\n\t\t\t\t\t\t\t\t\t\t<div class=\"mkdf-bs-item-content\">\n\t\t\t\t\t\t<div class=\"mkdf-bs-item-date\">\n\t\t\t\t\t\t\t<span>August 24, 2018<\/span>\n\t\t\t\t\t\t<\/div>\n\t\t\t\t\t\t<div class=\"mkdf-bs-item-text\">\n\t\t\t\t\t\t\t<h2 class=\"mkdf-bs-item-title\"><a href=\"https:\/\/mientinhthucmelbourne.org\/en\/2018\/08\/24\/dem-nhac-vu-lan\/\">Ullambana Musical Concert: Dear Parents, please always be my life pillar<\/a><\/h2>\n\t\t\t\t\t\t\t\t\t\t\t\t\t\t\t<p class=\"mkdf-bs-item-excerpt\">Th\u01b0a qu\u00fd v\u1ecb, Ch\u00fang con v\u00f4 c\u00f9ng hoan h\u1ef7 k\u00ednh g\u1eedi m\u00f3n qu\u00e0 m\u00e0 Th\u1ea7y Minh Ni\u1ec7m v\u00e0 thi\u1ec1n th\u00e2n Mi\u1ec1n T\u1ec9nh Th\u1ee9c v\u00f9ng S\u00e0i G\u00f2n hi<\/p>\n\t\t\t\t\t\t\t\t\t\t\t\t\t<\/div>\n\t\t\t\t\t\t<div class=\"mkdf-bs-item-bottom-section\">\n\t\t\t\t\t\t\t<div class=\"mkdf-bs-item-author\">\n\t\t\t\t\t\t\t\t<a href=\"https:\/\/mientinhthucmelbourne.org\/en\/author\/mttmeladmin\/\">\n\t\t\t\t\t\t\t\t\t<span class=\"mkdf-post-item-author-avatar-holder\">\n\t\t\t\t\t\t\t\t\t\t<img alt='' src='https:\/\/secure.gravatar.com\/avatar\/4ec350e90b3a9f231e0e36ce4d439df3?s=30&#038;d=mm&#038;r=g' class='avatar avatar-30 photo' height='30' width='30' \/>\t\t\t\t\t\t\t\t\t<\/span>\n\t\t\t\t\t\t\t\t\t<span class=\"mkdf-post-item-author-name\">\n\t\t\t\t\t\t\t\t\t\tMindful Living Land Melbourne\t\t\t\t\t\t\t\t\t<\/span>\n\t\t\t\t\t\t\t\t<\/a>\n\t\t\t\t\t\t\t<\/div>\n\t\t\t\t\t\t\t<div class=\"mkdf-bs-item-categories\">\n\t\t\t\t\t\t\t\t<span aria-hidden=\"true\" class=\"mkdf-icon-font-elegant icon_tags\" ><\/span>\t\t\t\t\t\t\t\t<a href=\"https:\/\/mientinhthucmelbourne.org\/en\/category\/bai-viet-moi\/\" rel=\"category tag\">Latest posts<\/a>, <a href=\"https:\/\/mientinhthucmelbourne.org\/en\/category\/chuong-trinh\/\" rel=\"category tag\">Event<\/a>, <a href=\"https:\/\/mientinhthucmelbourne.org\/en\/category\/le-vu-lan\/\" rel=\"category tag\">L\u1ec5 Vu Lan<\/a>\t\t\t\t\t\t\t<\/div>\n\t\t\t\t\t\t<\/div>\n\t\t\t\t\t<\/div>\n\t\t\t\t<\/div>\n\t\t\t<\/div>\n\t\t\t\t\t<\/div><\/div><\/div><\/div><\/div><\/div>\n<p><a href=\"https:\/\/sorepro.fr\/boutique\" target=\"_blank\" rel=\"noopener\">kebo88<\/a> | <a href=\"https:\/\/sorepro.fr\/boutique\" target=\"_blank\" rel=\"noopener\">slot online<\/a> | <a href=\"https:\/\/sorepro.fr\/boutique\" target=\"_blank\" rel=\"noopener\">slot gacor<\/a><\/p>","protected":false},"excerpt":{"rendered":"<p>kebo88 | slot online | slot gacor<\/p>","protected":false},"author":1,"featured_media":0,"parent":0,"menu_order":0,"comment_status":"closed","ping_status":"closed","template":"blog-split-column.php","meta":[],"_links":{"self":[{"href":"https:\/\/mientinhthucmelbourne.org\/en\/wp-json\/wp\/v2\/pages\/603"}],"collection":[{"href":"https:\/\/mientinhthucmelbourne.org\/en\/wp-json\/wp\/v2\/pages"}],"about":[{"href":"https:\/\/mientinhthucmelbourne.org\/en\/wp-json\/wp\/v2\/types\/page"}],"author":[{"embeddable":true,"href":"https:\/\/mientinhthucmelbourne.org\/en\/wp-json\/wp\/v2\/users\/1"}],"replies":[{"embeddable":true,"href":"https:\/\/mientinhthucmelbourne.org\/en\/wp-json\/wp\/v2\/comments?post=603"}],"version-history":[{"count":6,"href":"https:\/\/mientinhthucmelbourne.org\/en\/wp-json\/wp\/v2\/pages\/603\/revisions"}],"predecessor-version":[{"id":5751,"href":"https:\/\/mientinhthucmelbourne.org\/en\/wp-json\/wp\/v2\/pages\/603\/revisions\/5751"}],"wp:attachment":[{"href":"https:\/\/mientinhthucmelbourne.org\/en\/wp-json\/wp\/v2\/media?parent=603"}],"curies":[{"name":"wp","href":"https:\/\/api.w.org\/{rel}","templated":true}]}}