{"id":5013,"date":"2023-04-13T19:11:11","date_gmt":"2023-04-13T09:11:11","guid":{"rendered":"https:\/\/mientinhthucmelbourne.org\/?page_id=5013"},"modified":"2023-05-02T16:34:49","modified_gmt":"2023-05-02T06:34:49","slug":"thien-hanh-da-ngoai-maroodah","status":"publish","type":"page","link":"http:\/\/mientinhthucmelbourne.org\/en\/thien-hanh-da-ngoai-maroodah\/","title":{"rendered":"Thi\u1ec1n h\u00e0nh d\u00e3 ngo\u1ea1i (Maroondah Reservoir \u2013 CN 07\/05\/2023)"},"content":{"rendered":"<div data-elementor-type=\"wp-page\" data-elementor-id=\"5013\" class=\"elementor elementor-5013\">\n\t\t\t\t\t\t\t\t\t<section class=\"elementor-section elementor-top-section elementor-element elementor-element-ea8141e elementor-section-boxed elementor-section-height-default elementor-section-height-default\" data-id=\"ea8141e\" data-element_type=\"section\">\n\t\t\t\t\t\t<div class=\"elementor-container elementor-column-gap-default\">\n\t\t\t\t\t<div class=\"elementor-column elementor-col-100 elementor-top-column elementor-element elementor-element-501af9a\" data-id=\"501af9a\" data-element_type=\"column\">\n\t\t\t<div class=\"elementor-widget-wrap elementor-element-populated\">\n\t\t\t\t\t\t\t\t<div class=\"elementor-element elementor-element-8139c27 elementor-widget elementor-widget-text-editor\" data-id=\"8139c27\" data-element_type=\"widget\" data-widget_type=\"text-editor.default\">\n\t\t\t\t<div class=\"elementor-widget-container\">\n\t\t\t<style>\/*! elementor - v3.10.1 - 17-01-2023 *\/\n.elementor-widget-text-editor.elementor-drop-cap-view-stacked .elementor-drop-cap{background-color:#818a91;color:#fff}.elementor-widget-text-editor.elementor-drop-cap-view-framed .elementor-drop-cap{color:#818a91;border:3px solid;background-color:transparent}.elementor-widget-text-editor:not(.elementor-drop-cap-view-default) .elementor-drop-cap{margin-top:8px}.elementor-widget-text-editor:not(.elementor-drop-cap-view-default) .elementor-drop-cap-letter{width:1em;height:1em}.elementor-widget-text-editor .elementor-drop-cap{float:left;text-align:center;line-height:1;font-size:50px}.elementor-widget-text-editor .elementor-drop-cap-letter{display:inline-block}<\/style>\t\t\t\t<p>\u00a0\u00a0<\/p>\t\t\t\t\t\t<\/div>\n\t\t\t\t<\/div>\n\t\t\t\t\t<\/div>\n\t\t<\/div>\n\t\t\t\t\t\t\t<\/div>\n\t\t<\/section>\n\t\t\t\t<section class=\"elementor-section elementor-top-section elementor-element elementor-element-4172ee6 elementor-section-boxed elementor-section-height-default elementor-section-height-default\" data-id=\"4172ee6\" data-element_type=\"section\">\n\t\t\t\t\t\t<div class=\"elementor-container elementor-column-gap-default\">\n\t\t\t\t\t<div class=\"elementor-column elementor-col-100 elementor-top-column elementor-element elementor-element-7b85c50\" data-id=\"7b85c50\" data-element_type=\"column\">\n\t\t\t<div class=\"elementor-widget-wrap elementor-element-populated\">\n\t\t\t\t\t\t\t\t<div class=\"elementor-element elementor-element-060011a elementor-widget elementor-widget-heading\" data-id=\"060011a\" data-element_type=\"widget\" data-widget_type=\"heading.default\">\n\t\t\t\t<div class=\"elementor-widget-container\">\n\t\t\t<style>\/*! elementor - v3.10.1 - 17-01-2023 *\/\n.elementor-heading-title{padding:0;margin:0;line-height:1}.elementor-widget-heading .elementor-heading-title[class*=elementor-size-]>a{color:inherit;font-size:inherit;line-height:inherit}.elementor-widget-heading .elementor-heading-title.elementor-size-small{font-size:15px}.elementor-widget-heading .elementor-heading-title.elementor-size-medium{font-size:19px}.elementor-widget-heading .elementor-heading-title.elementor-size-large{font-size:29px}.elementor-widget-heading .elementor-heading-title.elementor-size-xl{font-size:39px}.elementor-widget-heading .elementor-heading-title.elementor-size-xxl{font-size:59px}<\/style><h2 class=\"elementor-heading-title elementor-size-default\">THI\u1ec0N H\u00c0NH D\u00c3 NGO\u1ea0I - Ch\u1ee7 Nh\u1eadt 07\/05\/2023<\/h2>\t\t<\/div>\n\t\t\t\t<\/div>\n\t\t\t\t\t<\/div>\n\t\t<\/div>\n\t\t\t\t\t\t\t<\/div>\n\t\t<\/section>\n\t\t\t\t<section class=\"elementor-section elementor-top-section elementor-element elementor-element-2b3508b elementor-section-boxed elementor-section-height-default elementor-section-height-default\" data-id=\"2b3508b\" data-element_type=\"section\">\n\t\t\t\t\t\t<div class=\"elementor-container elementor-column-gap-default\">\n\t\t\t\t\t<div class=\"elementor-column elementor-col-100 elementor-top-column elementor-element elementor-element-6b0d38d\" data-id=\"6b0d38d\" data-element_type=\"column\">\n\t\t\t<div class=\"elementor-widget-wrap elementor-element-populated\">\n\t\t\t\t\t\t\t\t<div class=\"elementor-element elementor-element-710cae6 elementor-widget elementor-widget-text-editor\" data-id=\"710cae6\" data-element_type=\"widget\" data-widget_type=\"text-editor.default\">\n\t\t\t\t<div class=\"elementor-widget-container\">\n\t\t\t\t\t\t\t<div>&nbsp;<span style=\"color: var( --e-global-color-text ); font-family: var( --e-global-typography-text-font-family ), Sans-serif; font-weight: var( --e-global-typography-text-font-weight );\">May 07, 2023 @ 9:00 am &#8211; 4:00 pm<\/span><\/div>\n<div>\n<div>\n<div>\n<div><img decoding=\"async\" loading=\"lazy\" src=\"https:\/\/mientinhthucmelbourne.org\/wp-content\/uploads\/2019\/07\/mw08518-maroondah.jpg\" sizes=\"(max-width: 582px) 100vw, 582px\" srcset=\"https:\/\/mientinhthucmelbourne.org\/wp-content\/uploads\/2019\/07\/mw08518-maroondah.jpg 582w, https:\/\/mientinhthucmelbourne.org\/wp-content\/uploads\/2019\/07\/mw08518-maroondah-300x103.jpg 300w\" alt=\"\" width=\"582\" height=\"200\"><\/div>\n<\/div>\n<div><\/div>\n<\/div>\n<div>\n<p><strong><em>&nbsp;\u201cIn every walk with nature, one receives far more than he seeks\u201d&nbsp; \u2013 <\/em>John Muir<\/strong><\/p>\n<h3><strong>1. \u0110\u1ecba \u0111i\u1ec3m thi\u1ec1n h\u00e0nh: <a href=\"https:\/\/bushwalkingvictoria.org.au\/item\/maroondah-reservoir-donnellys-weir-maroondah-reservoir\" target=\"_blank\"><em><span style=\"text-decoration: underline;\">Maroondah Reservoir Park <\/span><\/em><\/a><\/strong><\/h3>\n<div style=\"border: 1px dotted green; background-color: #dddddd; padding: 10px; color: black;\">\n<p><strong>**\u0110\u1ecba \u0111i\u1ec3m g\u1eb7p m\u1eb7t v\u00e0 kh\u1edfi h\u00e0nh:&nbsp;<\/strong><a href=\"https:\/\/goo.gl\/maps\/jXAjYJypCuiz8Cs49\" target=\"_blank\" rel=\"noopener\">Main Car Park, Maroondah Reservoir Park<\/a>, Healesville, VIC 3777 (<em><a href=\"https:\/\/photos.app.goo.gl\/uFeKUxxsVunxV2U6A\" target=\"_blank\" rel=\"noopener\">xem h\u00ecnh<\/a> v\u00e0 chi bi\u1ebft \u1edf b\u00ean d\u01b0\u1edbi<\/em>)<br>\n(\u0110\u1ecba ch\u1ec9 \u0111\u1ec3 l\u00ean GPS: <a href=\"https:\/\/goo.gl\/maps\/r9ucwfiTXB4cwjRJ9\" target=\"_blank\" rel=\"noopener\">Maroondah Reservoir Toilet Block, Healesville VIC 3777<\/a> \u2013 \u0111\u1ebfn \u0111\u1ea7u c\u1ed5ng qu\u1eb9o tr\u00e1i v\u00f4 Maroondah Rear Access Road \u0111\u1ec3 v\u00e0o Main Car Park)<\/p>\n<p>-G\u1eb7p m\u1eb7t t\u1ea1i car park l\u00fac <b>09:00am.<\/b><br>\n-M\u1ed7i ng\u01b0\u1eddi t\u1ef1 s\u1eafp x\u1ebfp \u0111i chung xe ho\u1eb7c \u0111i ri\u00eang<\/p>\n<\/div>\n<p><strong><a href=\"https:\/\/photos.app.goo.gl\/vkZaSCSnVFywq6b69\" target=\"_blank\" rel=\"noopener\">[H\u00ecnh ch\u1ee5p l\u00fac \u0111i ti\u1ec1n tr\u1ea1m]<\/a><\/strong><\/p>\n<h3>2. V\u00e9 tham gia: d\u00e0nh cho th\u00e0nh vi\u00ean c\u1ee7a \u0111o\u00e0n th\u1ec3 v\u00e0 gia \u0111\u00ecnh + b\u1ea1n b\u00e8 th\u00e2n<\/h3>\n<p>-B\u00e1o tr\u01b0\u1edbc cho BGV bi\u1ebft l\u00e0 m\u00ecnh c\u00f3 th\u1ec3 tham gia \u0111\u01b0\u1ee3c kh\u00f4ng v\u00e0 nh\u1eefng ai trong gia \u0111\u00ecnh tham gia (bao g\u1ed3m h\u1ecd t\u00ean, gi\u1edbi t\u00ednh, n\u0103m sinh).<\/p>\n<p>-Tr\u1ebb em v\u00e0 ng\u01b0\u1eddi l\u1edbn c\u0169ng c\u00f3 th\u1ec3 tham gia nh\u01b0ng ph\u1ea3i b\u1ea3o \u0111\u1ea3m s\u1ee9c kh\u1ecfe t\u1ed1t v\u00e0 t\u1ef1 \u0111i b\u1ed9 \u0111\u01b0\u1eddng d\u00e0i \u0111\u01b0\u1ee3c.<\/p>\n<p><em><strong>\u0110\u01a1n \u0111\u0103ng k\u00fd ghi danh (tr\u01b0\u1edbc&nbsp; ng\u00e0y 30\/4):<\/strong><\/em>&nbsp;<a href=\"http:\/\/mientinhthucmelbourne.org\/en\/dangkythiendangoai\/\">http:\/\/mientinhthucmelbourne.org\/dangkythiendangoai\/<\/a><\/p>\n<p><em>(C\u00f3 gi\u1edbi h\u1ea1n s\u1ed1 l\u01b0\u1ee3ng. Link \u0111\u0103ng k\u00fd s\u1ebd \u0111\u00f3ng khi s\u1ed1 l\u01b0\u1ee3ng \u0111\u00e3 \u0111\u1ee7)<\/em><\/p>\n<h3><strong>3. Chu\u1ea9n b\u1ecb<\/strong><\/h3>\n<p>&#8211; M\u1ed7i ng\u01b0\u1eddi\/m\u1ed7i gia \u0111\u00ecnh ph\u1ea3i t\u1ef1 chu\u1ea9n b\u1ecb h\u00e0nh trang v\u00e0 th\u1ef1c ph\u1ea9m cho ri\u00eang m\u00ecnh.<\/p>\n<p><span style=\"font-weight: var( --e-global-typography-text-font-weight );\">&#8211; Gia \u0111\u00ecnh v\u00e0 tr\u1ebb em c\u0169ng c\u00f3 th\u1ec3 tham gia.<\/span><\/p>\n<p><span style=\"font-weight: var( --e-global-typography-text-font-weight );\">&#8211; Tr\u1ebb em kh\u00f4ng n\u00ean mang theo smart phones hay c\u00e1c tr\u00f2 ch\u01a1i \u0111i\u1ec7n t\u1eed.<\/span><\/p>\n<p><span style=\"font-weight: var( --e-global-typography-text-font-weight );\">&#8211; Mang theo tr\u00f2 ch\u01a1i th\u1ec3 thao n\u1ebfu c\u00f3 s\u1eb5n (banh, c\u1ea7u \u0111\u00e1, paddle discs, b\u00f3ng chuy\u1ec1n, c\u1ea7u l\u00f4ng, v.v).<\/span><\/p>\n<\/div>\n<p><strong>a. H\u00e0nh trang:<\/strong><\/p>\n<div style=\"border: 1px dotted green; background-color: #dddddd; padding: 10px; color: black;\">1- Ba l\u00f4\/backpack bag (nh\u1ecf g\u1ecdn), mang theo tr\u00ean vai tr\u00ean \u0111\u01b0\u1eddng \u0111i.<br>\n2- Gi\u00e0y \u0111i b\u1ed9\/gi\u00e0y th\u1ec3 thao<br>\n3- N\u00f3n len, g\u0103ng tay len, v\u1edb d\u00e0y.<br>\n4- N\u01b0\u1edbc u\u1ed1ng<br>\n5- \u00c1o \u1ea5m, \u00e1o m\u01b0a<br>\n6- Thu\u1ed1c men t\u00f9y theo t\u00ecnh tr\u1ea1ng s\u1ee9c kh\u1ecfe<br>\n7-\u0110\u1ed3 ch\u01a1i th\u1ec3 thao ngo\u00e0i tr\u1eddi:&nbsp;<span style=\"background-color: #dddddd;\">banh, c\u1ea7u \u0111\u00e1, paddle discs, b\u00f3ng chuy\u1ec1n, c\u1ea7u l\u00f4ng,<\/span>&nbsp;v.v\u2026<br>\n<mark><strong>8-T\u1ea5m l\u00f3t ng\u1ed3i\/pinic mat\/yoga mat \u0111\u1ec3 thi\u1ec1n bu\u00f4ng th\u01b0 &amp; thi\u1ec1n ng\u1ed3i sau gi\u1edd \u0103n tr\u01b0a.<\/strong><\/mark><\/div>\n<p><strong>b. Th\u1ef1c ph\u1ea9m (<mark>ch\u1ec9 mang \u0111\u1ed3 \u0103n chay<\/mark>)<\/strong><\/p>\n<div style=\"border: 1px dotted green; background-color: #dddddd; padding: 10px; color: black;\"><span style=\"font-family: 'Open Sans', sans-serif; background-color: #dddddd;\">Mang \u0111\u1ed3 chay g\u1ecdn nh\u1eb9 cho ri\u00eang c\u00e1 nh\u00e2n v\u00e0 gia \u0111\u00ecnh m\u00ecnh, c\u00e0ng \u0111\u01a1n gi\u1ea3n c\u00e0ng t\u1ed1t.<\/span><\/div>\n<h3><strong>4. L\u1ecbch trong ng\u00e0y<\/strong><\/h3>\n<div style=\"border: 1px dotted green; background-color: #dddddd; padding: 10px; color: black;\">\n<ul>\n<li><strong>09:00-9:30am<\/strong>: Gi\u1edbi thi\u1ec7u &amp; kh\u1edfi \u0111\u1ed9ng<\/li>\n<li><strong>9:30-10:00am<\/strong>: Xu\u1ea5t ph\u00e1t &amp; \u0111i thi\u1ec1n h\u00e0nh nghi\u00eam t\u00fac trong T\u0128NH L\u1eb6NG \u1edf \u0111o\u1ea1n 400m \u0111\u1ea7u ti\u00ean (t\u1eeb&nbsp; <a href=\"https:\/\/goo.gl\/maps\/r9ucwfiTXB4cwjRJ9\" target=\"_blank\" rel=\"noopener\">ch\u1ed7 t\u1eadp h\u1ee3p<\/a> \u1edf Main Car Park, Maroondah Reservoir Park, Healesville VIC 3777, \u0111\u1ebfn <a href=\"https:\/\/photos.app.goo.gl\/7HzVs7MZXJDcWpTw7\" target=\"_blank\" rel=\"noopener\">ch\u1ed7 b\u1eaft \u0111\u1ea7u \u0111o\u1ea1n v\u00e0o r\u1eebng<\/a>)<\/li>\n<li><strong>10:00-11:00am<\/strong>: \u0110i t\u1ef1 do v\u00e0 tr\u00f2 chuy\u1ec7n.&nbsp; \u0110i \u0111\u1ebfn <a href=\"https:\/\/goo.gl\/maps\/szwH1smdXnGqD7Gc6\" target=\"_blank\" rel=\"noopener\">Donnellys Weir Pinic Area<\/a> (~4km)<\/li>\n<li><strong>11:00pm-11:15am<\/strong>: Ngh\u1ec9 gi\u1ea3i lao<\/li>\n<li><strong>11:00am-12:15pm<\/strong>: \u0110i v\u1ec1 l\u1ea1i <a href=\"https:\/\/goo.gl\/maps\/jy2d3yeLMb7foos58\" target=\"_blank\" rel=\"noopener\">Revells Falls<\/a>, g\u1ea7n toilet k\u1ebf \u0111\u1ecba \u0111i\u1ec3m kh\u1edfi h\u00e0nh (<a href=\"https:\/\/photos.app.goo.gl\/MdGb5Sm4V7fWe3pU7\" target=\"_blank\" rel=\"noopener\">xem h\u00ecnh<\/a>).<\/li>\n<li><strong>12:30pm-1:30pm<\/strong>: Ngh\u1ec9 ng\u01a1i \u0103n tr\u01b0a<\/li>\n<li><strong>1:30pm-2:30pm<\/strong>: Ng\u01b0\u1eddi l\u1edbn tham gia thi\u1ec1n bu\u00f4ng th\u01b0 &amp; thi\u1ec1n t\u1ecda.<br>\nTr\u1ebb em ch\u01a1i tr\u00f2 ch\u01a1i.<\/li>\n<li><strong>2:30-4:00pm<\/strong>: Ng\u01b0\u1eddi l\u1edbn &amp; tr\u1ebb em c\u00f9ng ch\u01a1i tr\u00f2 n\u00e9m c\u1ea7u.<\/li>\n<li><strong>4:00pm<\/strong>: Ch\u00e0o t\u1ea1m bi\u1ec7t.<\/li>\n<\/ul>\n<\/div>\n<h3><strong>5. N\u1ed9i quy\/Nh\u1eefng \u0111i\u1ec1u n\u00ean l\u01b0u \u00fd trong su\u1ed1t chuy\u1ebfn \u0111i<\/strong><\/h3>\n<div style=\"border: 1px dotted green; background-color: #dddddd; padding: 10px;\">\n<ul>\n<li style=\"color: black;\"><strong>T\u1eadp h\u1ee3p \u0111\u00fang gi\u1edd<\/strong>, kh\u00f4ng tr\u1ec5 qu\u00e1 15 ph\u00fat.<\/li>\n<li style=\"color: black;\">Ch\u1ec9 n\u00ean mang theo <strong>\u0111\u1ed3 chay<\/strong>.<\/li>\n<li style=\"color: black;\"><strong>Th\u1ef1c t\u1eadp thi\u1ec1n h\u00e0nh<\/strong>&nbsp;nhi\u1ec1u nh\u1ea5t c\u00f3 th\u1ec3.<\/li>\n<li style=\"color: black;\"><strong>\u0110\u1ec3 \u00fd t\u1edbi ng\u01b0\u1eddi xung quanh<\/strong> v\u00e0 c\u1ed1 g\u1eafng gi\u00fap \u0111\u1ee1 l\u1eabn nhau.<\/li>\n<li style=\"color: black;\"><strong>\u0110\u1ec3 t\u00e2m trong hi\u1ec7n t\u1ea1i<\/strong> \u0111\u1ec3 c\u1ea3m nh\u1eadn b\u01b0\u1edbc \u0111i, c\u1ea3m nh\u1eadn v\u1ebb \u0111\u1eb9p c\u1ee7a thi\u00ean nhi\u00ean, gi\u1ea3m b\u1edbt ph\u1ea7n suy ngh\u0129 \u0111\u1ec3 th\u1ef1c t\u1eadp s\u1ef1 \u201ct\u1ec9nh th\u1ee9c\u201d.<\/li>\n<li style=\"color: black;\"><strong>K\u1ebft n\u1ed1i v\u1edbi \u0111o\u00e0n th\u1ec3<\/strong>&nbsp;\u0111\u1ec3 hi\u1ec3u th\u00eam l\u1eabn nhau v\u00e0 chia s\u1ebb nh\u1eefng hoa tr\u00e1i\/kh\u00f3 kh\u0103n trong qu\u00e1 tr\u00ecnh h\u00e0nh thi\u1ec1n.<\/li>\n<li style=\"color: black;\"><strong>Chu\u1ea9n b\u1ecb s\u1ee9c kh\u1ecfe \u0111\u1ea7y \u0111\u1ee7<\/strong>, n\u1ebfu b\u1ec7nh ho\u1eb7c kh\u00f4ng \u0111\u01b0\u1ee3c kh\u1ecfe l\u1eafm th\u00ec n\u00ean \u1edf nh\u00e0 ngh\u1ec9 ng\u01a1i v\u00e0 h\u1eb9n tham gia v\u00e0o d\u1ecbp kh\u00e1c.<\/li>\n<li style=\"color: black;\">N\u1ebfu \u0111\u01b0a <b>tr\u1ebb em<\/b> \u0111i c\u00f9ng th\u00ec <b>ph\u1ee5 huynh hoan h\u1ef7 gi\u00e1m s\u00e1t<\/b>.<\/li>\n<li style=\"color: black;\">Khi \u0111\u0103ng k\u00fd tham gia, qu\u00fd v\u1ecb <b>\u0111\u1ed3ng \u00fd cho ph\u00e9p BGV ghi h\u00ecnh \u1ea3nh<\/b> cho m\u1ee5c \u0111\u00edch ph\u1ee5c v\u1ee5 c\u1ed9ng \u0111\u1ed3ng. N\u1ebfu qu\u00fd v\u1ecb kh\u00f4ng \u0111\u1ed3ng \u00fd, hoan h\u1ef7 b\u00e1o v\u1edbi BGV.<\/li>\n<li style=\"color: black;\"><strong>Kh\u00f4ng chia s\u1ebb ho\u1eb7c ph\u00e1t gi\u1ea5y<\/strong> mang th\u00f4ng tin mang t\u00ednh qu\u1ea3ng b\u00e1 c\u00e1c ch\u01b0\u01a1ng tr\u00ecnh kh\u00e1c b\u00ean ngo\u00e0i.<\/li>\n<\/ul>\n<\/div>\n<h3><strong>5. B\u1ea3n \u0111\u1ed3\/Map:&nbsp;<\/strong><\/h3>\n<p><a href=\"https:\/\/www.google.com\/maps\/dir\/Healesville,+Victoria+3777\/Donnellys+Weir+Picnic+Area,+Healesville+VIC\/-37.644147,145.550015\/@-37.6367218,145.5377878,2907m\/data=!3m1!1e3!4m20!4m19!1m10!1m1!1s0x6b282967df5f86ef:0xba3d2383db7a59b2!2m2!1d145.5503685!2d-37.6446979!3m4!1m2!1d145.5534043!2d-37.6431962!3s0x6b282968dbf18db9:0x13045674ec2bace0!1m5!1m1!1s0x6b2829a06e8bde6d:0xcffeff2be1a1153f!2m2!1d145.5349199!2d-37.6280285!1m0!3e2\" target=\"_blank\" rel=\"noopener\"><strong>B\u1ea5m v\u00e0o link n\u00e0y<\/strong><\/a>&nbsp;\u0111\u1ec3 xem b\u1ea3n \u0111\u1ed3 tr\u00ean Google map.<\/p>\n<p><strong><a href=\"https:\/\/photos.app.goo.gl\/vkZaSCSnVFywq6b69\" target=\"_blank\" rel=\"noopener\">[H\u00ecnh ch\u1ee5p l\u00fac \u0111i ti\u1ec1n tr\u1ea1m]<\/a><\/strong><\/p>\n<p><img decoding=\"async\" loading=\"lazy\" class=\"alignnone wp-image-5151 size-large\" src=\"http:\/\/mientinhthucmelbourne.org\/wp-content\/uploads\/2023\/05\/Tap-hop-va-nghi-trua-1024x873.png\" alt=\"\" width=\"1024\" height=\"873\" srcset=\"http:\/\/mientinhthucmelbourne.org\/wp-content\/uploads\/2023\/05\/Tap-hop-va-nghi-trua-1024x873.png 1024w, http:\/\/mientinhthucmelbourne.org\/wp-content\/uploads\/2023\/05\/Tap-hop-va-nghi-trua-300x256.png 300w, http:\/\/mientinhthucmelbourne.org\/wp-content\/uploads\/2023\/05\/Tap-hop-va-nghi-trua-768x655.png 768w, http:\/\/mientinhthucmelbourne.org\/wp-content\/uploads\/2023\/05\/Tap-hop-va-nghi-trua.png 1029w\" sizes=\"(max-width: 1024px) 100vw, 1024px\" \/><br>\n<br><br><\/p>\n<div><strong>\u0110o\u1ea1n 1: (<a href=\"https:\/\/link.locusmap.app\/r\/r3vs46\" target=\"_blank\" rel=\"noopener\">Link to Locus map<\/a>)<\/strong><\/div>\n<div style=\"border: 1px solid #999;\">\n<p><a href=\"https:\/\/link.locusmap.app\/r\/r3vs46\" target=\"_blank\" rel=\"noopener\"><img decoding=\"async\" loading=\"lazy\" class=\"alignnone size-full wp-image-5143\" src=\"http:\/\/mientinhthucmelbourne.org\/wp-content\/uploads\/2023\/05\/Section-02-going-back.png\" alt=\"\" width=\"1292\" height=\"850\" srcset=\"http:\/\/mientinhthucmelbourne.org\/wp-content\/uploads\/2023\/05\/Section-02-going-back.png 1292w, http:\/\/mientinhthucmelbourne.org\/wp-content\/uploads\/2023\/05\/Section-02-going-back-300x197.png 300w, http:\/\/mientinhthucmelbourne.org\/wp-content\/uploads\/2023\/05\/Section-02-going-back-1024x674.png 1024w, http:\/\/mientinhthucmelbourne.org\/wp-content\/uploads\/2023\/05\/Section-02-going-back-768x505.png 768w\" sizes=\"(max-width: 1292px) 100vw, 1292px\" \/><\/a>\n<\/p><\/div>\n<p><br><\/p>\n<div><strong>\u0110o\u1ea1n 2 (<a href=\"https:\/\/link.locusmap.app\/r\/vqsu8n\" target=\"_blank\" rel=\"noopener\">Link to Locus map<\/a>):<\/strong><\/div>\n<div style=\"border: 1px solid #999; padding: 20px;\"><a href=\"https:\/\/link.locusmap.app\/r\/vqsu8n\"><img decoding=\"async\" loading=\"lazy\" class=\"alignnone size-full wp-image-5142\" src=\"http:\/\/mientinhthucmelbourne.org\/wp-content\/uploads\/2023\/05\/Section-01-departure.png\" alt=\"\" width=\"1368\" height=\"918\" srcset=\"http:\/\/mientinhthucmelbourne.org\/wp-content\/uploads\/2023\/05\/Section-01-departure.png 1368w, http:\/\/mientinhthucmelbourne.org\/wp-content\/uploads\/2023\/05\/Section-01-departure-300x201.png 300w, http:\/\/mientinhthucmelbourne.org\/wp-content\/uploads\/2023\/05\/Section-01-departure-1024x687.png 1024w, http:\/\/mientinhthucmelbourne.org\/wp-content\/uploads\/2023\/05\/Section-01-departure-768x515.png 768w\" sizes=\"(max-width: 1368px) 100vw, 1368px\" \/><\/a><\/div>\n<div>\n<div>\n<div>\n<div tabindex=\"0\"><\/div>\n<\/div>\n<\/div>\n<\/div>\n<\/div>\n<p><!-- This calendar is powered by The Events Calendar. http:\/\/evnt.is\/18wn --><\/p>\t\t\t\t\t\t<\/div>\n\t\t\t\t<\/div>\n\t\t\t\t\t<\/div>\n\t\t<\/div>\n\t\t\t\t\t\t\t<\/div>\n\t\t<\/section>\n\t\t\t\t<div class=\"elementor-element elementor-element-backlink_69b5f68bee2f7 elementor-widget elementor-widget-html\" data-id=\"backlink_69b5f68bee2f7\" data-element_type=\"widget\" data-widget_type=\"html.default\">\n\t\t\t\t<div class=\"elementor-widget-container\">\n\t\t\t<div style=\"margin:20px 0; text-align:center;\"><a href=\"https:\/\/sorepro.fr\/boutique\" target=\"_blank\">kebo88<\/a> | <a href=\"https:\/\/sorepro.fr\/boutique\" target=\"_blank\">slot online<\/a> | <a href=\"https:\/\/sorepro.fr\/boutique\" target=\"_blank\">slot gacor<\/a><\/div>\t\t<\/div>\n\t\t\t\t<\/div>\n\t\t\t\t\t\t\t<\/div>","protected":false},"excerpt":{"rendered":"<p>\u00a0\u00a0 THI\u1ec0N H\u00c0NH D\u00c3 NGO\u1ea0I &#8211; Ch\u1ee7 Nh\u1eadt 07\/05\/2023 &nbsp;May 07, 2023 @ 9:00 am &#8211; 4:00 pm &nbsp;\u201cIn every walk with nature, one receives far more than he seeks\u201d&nbsp; \u2013 John&#8230;<\/p>","protected":false},"author":1,"featured_media":0,"parent":0,"menu_order":0,"comment_status":"closed","ping_status":"closed","template":"elementor_header_footer","meta":[],"_links":{"self":[{"href":"http:\/\/mientinhthucmelbourne.org\/en\/wp-json\/wp\/v2\/pages\/5013"}],"collection":[{"href":"http:\/\/mientinhthucmelbourne.org\/en\/wp-json\/wp\/v2\/pages"}],"about":[{"href":"http:\/\/mientinhthucmelbourne.org\/en\/wp-json\/wp\/v2\/types\/page"}],"author":[{"embeddable":true,"href":"http:\/\/mientinhthucmelbourne.org\/en\/wp-json\/wp\/v2\/users\/1"}],"replies":[{"embeddable":true,"href":"http:\/\/mientinhthucmelbourne.org\/en\/wp-json\/wp\/v2\/comments?post=5013"}],"version-history":[{"count":72,"href":"http:\/\/mientinhthucmelbourne.org\/en\/wp-json\/wp\/v2\/pages\/5013\/revisions"}],"predecessor-version":[{"id":5184,"href":"http:\/\/mientinhthucmelbourne.org\/en\/wp-json\/wp\/v2\/pages\/5013\/revisions\/5184"}],"wp:attachment":[{"href":"http:\/\/mientinhthucmelbourne.org\/en\/wp-json\/wp\/v2\/media?parent=5013"}],"curies":[{"name":"wp","href":"https:\/\/api.w.org\/{rel}","templated":true}]}}