{"id":4524,"date":"2019-05-13T22:46:30","date_gmt":"2019-05-13T12:46:30","guid":{"rendered":"http:\/\/mientinhthucmelbourne.org\/?page_id=4524"},"modified":"2026-03-15T10:00:12","modified_gmt":"2026-03-15T00:00:12","slug":"dangkythiendangoaicungthay","status":"publish","type":"page","link":"http:\/\/mientinhthucmelbourne.org\/en\/dangkythiendangoaicungthay\/","title":{"rendered":"\u0110\u0103ng k\u00fd tham d\u1ef1 THI\u1ec0N D\u00c3 NGO\u1ea0I c\u00f9ng Th\u1ea7y Minh Ni\u1ec7m"},"content":{"rendered":"","protected":true},"excerpt":{"rendered":"","protected":true},"author":1,"featured_media":0,"parent":0,"menu_order":0,"comment_status":"closed","ping_status":"closed","template":"","meta":[],"_links":{"self":[{"href":"http:\/\/mientinhthucmelbourne.org\/en\/wp-json\/wp\/v2\/pages\/4524"}],"collection":[{"href":"http:\/\/mientinhthucmelbourne.org\/en\/wp-json\/wp\/v2\/pages"}],"about":[{"href":"http:\/\/mientinhthucmelbourne.org\/en\/wp-json\/wp\/v2\/types\/page"}],"author":[{"embeddable":true,"href":"http:\/\/mientinhthucmelbourne.org\/en\/wp-json\/wp\/v2\/users\/1"}],"replies":[{"embeddable":true,"href":"http:\/\/mientinhthucmelbourne.org\/en\/wp-json\/wp\/v2\/comments?post=4524"}],"version-history":[{"count":12,"href":"http:\/\/mientinhthucmelbourne.org\/en\/wp-json\/wp\/v2\/pages\/4524\/revisions"}],"predecessor-version":[{"id":5679,"href":"http:\/\/mientinhthucmelbourne.org\/en\/wp-json\/wp\/v2\/pages\/4524\/revisions\/5679"}],"wp:attachment":[{"href":"http:\/\/mientinhthucmelbourne.org\/en\/wp-json\/wp\/v2\/media?parent=4524"}],"curies":[{"name":"wp","href":"https:\/\/api.w.org\/{rel}","templated":true}]}}