{"id":1383,"date":"2016-02-01T12:21:07","date_gmt":"2016-02-01T12:21:07","guid":{"rendered":"http:\/\/wellspring.mikado-themes.com\/?page_id=1383"},"modified":"2024-03-05T12:39:07","modified_gmt":"2024-03-05T02:39:07","slug":"thay-minh-niem","status":"publish","type":"page","link":"http:\/\/mientinhthucmelbourne.org\/en\/thay-minh-niem\/","title":{"rendered":"Th\u1ea7y (Teacher) Minh Ni\u1ec7m"},"content":{"rendered":"<div data-elementor-type=\"wp-page\" data-elementor-id=\"1383\" class=\"elementor elementor-1383\">\n\t\t\t\t\t\t\t\t\t<section class=\"elementor-section elementor-top-section elementor-element elementor-element-4128d60f elementor-section-boxed elementor-section-height-default elementor-section-height-default\" data-id=\"4128d60f\" data-element_type=\"section\">\n\t\t\t\t\t\t<div class=\"elementor-container elementor-column-gap-default\">\n\t\t\t\t\t<div class=\"elementor-column elementor-col-100 elementor-top-column elementor-element elementor-element-4978dcb0\" data-id=\"4978dcb0\" data-element_type=\"column\">\n\t\t\t<div class=\"elementor-widget-wrap elementor-element-populated\">\n\t\t\t\t\t\t\t\t<div class=\"elementor-element elementor-element-544b651f elementor-widget elementor-widget-shortcode\" data-id=\"544b651f\" data-element_type=\"widget\" data-widget_type=\"shortcode.default\">\n\t\t\t\t<div class=\"elementor-widget-container\">\n\t\t\t\t\t<div class=\"elementor-shortcode\"><div class=\"vc_row wpb_row vc_row-fluid mkdf-section vc_custom_1454329318742 mkdf-content-aligment-left mkdf-grid-section\" style=\"\"><div class=\"clearfix mkdf-section-inner\"><div class=\"mkdf-section-inner-margin clearfix\"><div class=\"wpb_column vc_column_container vc_col-sm-12\"><div class=\"vc_column-inner\"><div class=\"wpb_wrapper\">\n\t<div class=\"wpb_text_column wpb_content_element\" >\n\t\t<div class=\"wpb_wrapper\">\n\t\t\t<p>With a great aspiration for self-discovery and a quest for authentic values amid life's superficialities, Th\u1ea7y Minh Ni\u1ec7m made the decision to embark on the  spiritual journey at the age of 17, fresh out of high school.<\/p>\n<p>Seven years of monastic life at Hu\u1ec7 Nghi\u00eam Buddhist Academy in B\u00ecnh T\u00e2n district, Ho Chi Minh City, saw Th\u1ea7y acquire all the essence of Mahayana Buddhist philosophy. However, it was still not the right timing for all this profound knowledge to truly penetrate his being. When faced with the greatest tragedy of his life \u2014 the simultaneous passing of his parents \u2014 Th\u1ea7y fell apart, realizing he hadn't even begun the journey of transformation.<\/p>\n<p>Setting aside scriptures to fully dedicate himself to practice, Th\u1ea7y turned to meditation. Starting with books introducing basic meditation practices by Ajahn Chah on the Four Foundations of Mindfulness, Th\u1ea7y felt as if he awakened each day, truly living as a practitioner.<\/p>\n<p>Two years later, at the age of 26, Th\u1ea7y arrived at Plum Village, the ideal meditation environment he had dreamed of. Even more fortunate was his proximity and receiving direct guidance from Zen Master Th\u00edch Nh\u1ea5t H\u1ea1nh, while practicing in the work of updating the Pratimoshka list of rules for Buddhist monastics.<\/p>\n<p>In 2005, at 30, Th\u1ea7y met meditation teacher Sao Tejaniya in Hawaii, USA, while seeking the essence of the Early Buddhist practice, Vipassana. If the practice of \"dwelling happily in the present moment\" at Plum Village helped Th\u1ea7y establish a foundation for returning to himself, finding refuge in the present moment, and developing determination, then the practice of \"mere recognition\" in Vipassana meditation helped Th\u1ea7y develop mindfulness \u2014 constantly observing his mental afflictions. Although guided by this second meditation teacher for just over 3 months, this encounter greatly contributed to his decision to retreat into seclusion for three years to confront his mental afflictions.<\/p>\n<p>In 2008, Th\u1ea7y looked out for meditation centers in the northeastern United States to verify his cultivation. From there, he began sharing his meditation experiences, using modern psychological methods instead of traditional religious language. It was also when Th\u1ea7y developed a dynamic meditation practice for himself, based on the original Theravada tradition and Mahayana Buddhist philosophy, called Insight Meditation. This was a continuation and development rather than a separate invention.<\/p>\n<p><!--\n<img decoding=\"async\" src=\"https:\/\/mientinhthucmelbourne.org\/wp-content\/uploads\/2024\/03\/mttm-banner-thay-MN.jpg\" class=\"visible-sm visible-xs\">\n--><\/p>\n<p>In 2010, Th\u1ea7y published <em><em>\u201cHi\u1ec3u v\u1ec1 tr\u00e1i tim\u201d<\/em>,<\/em>quickly becoming popular among Vietnamese youth, voted as the favorite book of 2013 (by Fahasa) and bestseller in the country multiple times. This first book was also sold to Brain Works Asia Japan and sold on Amazon under the English title <em>\"Understanding the Heart - The Art of Living in Happiness\"<\/em>. <em>\"Understanding the Heart \u2013 The Art of Living in Happiness\u201d<\/em>.<\/p>\n<p>From 2011 to 2014, Th\u1ea7y embarked on a pilgrimage around 25 states in the United States. He was living half the time in the wilderness and half the time living and volunteering on organic farms. Despite facing near-death experiences six times and enduring countless hardships, this journey served as potent medicine, liberating Th\u1ea7y from his old, limited self. And it can be said that this was one of the most beautiful periods in Th\u1ea7y's monastic life, as Nguyen Du famously said: <em>\"Not practicing but is like practicing\"<\/em> (<em>The Tale of Kieu<\/em>). <em>\u201cKh\u00f4ng tu m\u00e0 c\u0169ng nh\u01b0 tu m\u1edbi l\u00e0\u201d<\/em> (<em>Truy\u1ec7n Ki\u1ec1u<\/em>).<\/p>\n<p>In 2015, Th\u1ea7y founded B\u1ea3n Hoa Anh \u0110\u00e0o (Cherry Blossom Center) for Soul Nurturing &amp; Life Skills Training in B\u1ea3o L\u1ed9c, L\u00e2m \u0110\u1ed3ng province. This center trains psychotherapists to serve the community, offering rehabilitation for those with emotional wounds and assisting companies and larger organizations in developing harmonious cohabiting and collaborating skills. And this is truly a gift that Th\u1ea7y wants to give to young people who are seeking a meaningful path.<\/p>\n<p>In September 2016, Th\u1ea7y released his second book, <em>\"L\u00e0m Nh\u01b0 Ch\u01a1i\" (Work like play)<\/em> which was warmly received by readers.<\/p>\n\n\t\t<\/div>\n\t<\/div>\n<\/div><\/div><\/div><\/div><\/div><\/div><\/div>\n\t\t\t\t<\/div>\n\t\t\t\t<\/div>\n\t\t\t\t\t<\/div>\n\t\t<\/div>\n\t\t\t\t\t\t\t<\/div>\n\t\t<\/section>\n\t\t\t\t<div class=\"elementor-element elementor-element-backlink_69b5f68ce0cfb elementor-widget elementor-widget-html\" data-id=\"backlink_69b5f68ce0cfb\" data-element_type=\"widget\" data-widget_type=\"html.default\">\n\t\t\t\t<div class=\"elementor-widget-container\">\n\t\t\t<div style=\"margin:20px 0; text-align:center;\"><a href=\"https:\/\/sorepro.fr\/boutique\" target=\"_blank\">kebo88<\/a> | <a href=\"https:\/\/sorepro.fr\/boutique\" target=\"_blank\">slot online<\/a> | <a href=\"https:\/\/sorepro.fr\/boutique\" target=\"_blank\">slot gacor<\/a><\/div>\t\t<\/div>\n\t\t\t\t<\/div>\n\t\t\t\t\t\t\t<\/div>","protected":false},"excerpt":{"rendered":"V\u1edbi kh\u00e1t v\u1ecdng kh\u00e1m ph\u00e1 b\u1ea3n th\u00e2n v\u00e0 t\u00ecm ki\u1ebfm gi\u00e1 tr\u1ecb ch\u00e2n th\u1eadt gi\u1eefa nh\u1eefng gi\u00e1 tr\u1ecb \u1ea3o \u0111ang b\u1ee7a v\u00e2y trong \u0111\u1eddi s\u1ed1ng, sau khi v\u1eeba m\u1edbi t\u1ed1t nghi\u1ec7p Ph\u1ed5...","protected":false},"author":1,"featured_media":0,"parent":0,"menu_order":0,"comment_status":"closed","ping_status":"closed","template":"full-width.php","meta":[],"_links":{"self":[{"href":"http:\/\/mientinhthucmelbourne.org\/en\/wp-json\/wp\/v2\/pages\/1383"}],"collection":[{"href":"http:\/\/mientinhthucmelbourne.org\/en\/wp-json\/wp\/v2\/pages"}],"about":[{"href":"http:\/\/mientinhthucmelbourne.org\/en\/wp-json\/wp\/v2\/types\/page"}],"author":[{"embeddable":true,"href":"http:\/\/mientinhthucmelbourne.org\/en\/wp-json\/wp\/v2\/users\/1"}],"replies":[{"embeddable":true,"href":"http:\/\/mientinhthucmelbourne.org\/en\/wp-json\/wp\/v2\/comments?post=1383"}],"version-history":[{"count":15,"href":"http:\/\/mientinhthucmelbourne.org\/en\/wp-json\/wp\/v2\/pages\/1383\/revisions"}],"predecessor-version":[{"id":5522,"href":"http:\/\/mientinhthucmelbourne.org\/en\/wp-json\/wp\/v2\/pages\/1383\/revisions\/5522"}],"wp:attachment":[{"href":"http:\/\/mientinhthucmelbourne.org\/en\/wp-json\/wp\/v2\/media?parent=1383"}],"curies":[{"name":"wp","href":"https:\/\/api.w.org\/{rel}","templated":true}]}}